{"id":44,"date":"2017-10-09T18:27:41","date_gmt":"2017-10-09T16:27:41","guid":{"rendered":"http:\/\/guillaumelavigne.fr\/peinture\/?page_id=44"},"modified":"2025-09-11T10:54:53","modified_gmt":"2025-09-11T08:54:53","slug":"vita","status":"publish","type":"page","link":"http:\/\/guillaumelavigne.fr\/peinture\/vita\/","title":{"rendered":"Vita"},"content":{"rendered":"<p>N\u00e9 en 1977, vit et travaille \u00e0 Paris.<br \/>\nEcole Nationale Sup\u00e9rieure des Beaux Arts de Paris, 1999-2005<br \/>\nDipl\u00f4me National Sup\u00e9rieur d\u2019Arts Plastiques, DNSAP, 2004<\/p>\n<p><span style=\"color: #222222;\"><strong>Expositions<\/strong><\/span><\/p>\n<p>2025 <em>Accrochage d&rsquo;hiver,<\/em> Galerie Thibault H\u00f6lscher, Paris<\/p>\n<p>2024 <em>Epiphanie<\/em>, exposition personnelle, Galerie Thibault H\u00f6lscher, Paris<\/p>\n<p><em>Hublot d&rsquo;\u00e9t\u00e9<\/em>, exposition personnelle, Ivry-sur-Seine<\/p>\n<p>2023 <em>Absent de Paris, <\/em>une proposition d&rsquo;Henri Guette, curateur, Cit\u00e9 international des Arts<br \/>\nLe Hublot d&rsquo;Ivry, exposition personnelle<\/p>\n<p>2022 \u00a0 \u00a0Chapelle des Ursulines de Lannion, exposition personnelle<\/p>\n<p>2021\u00a0\u00a0\u00a0 Galerie Orsay Paris, exposition personnelle, Paris<br \/>\nSalon des Artistes Orl\u00e9anais, invit\u00e9 des Ateliers Moret, Coll\u00e9giale St-Pierre-le-Puellier, Orl\u00e9ans<\/p>\n<p>2020\u00a0\u00a0\u00a0 <em>Open studio,\u00a0<\/em>exposition personnelle, Swatch Art Peace H\u00f4tel, Shangha\u00ef<\/p>\n<p>2019\u00a0\u00a0\u00a0 Exposition des Grands Prix de la Fondation Taylor, Paris<br \/>\nJourn\u00e9e de l&rsquo;Estampe contemporaine, Paris<\/p>\n<p>2018\u00a0\u00a0\u00a0 Galerie Hus, Paris<\/p>\n<p>2017\u00a0\u00a0\u00a0 <em>Novembre \u00e0 Vitry,\u00a0<\/em>Salon de peinture de Vitry-sur-Seine, Galerie Jean Collet<\/p>\n<p>2013\u00a0\u00a0\u00a0 <em>Point rouge,\u00a0<\/em>10 ans de la Galerie le Garage, Orl\u00e9ans<\/p>\n<p>2012\u00a0\u00a0\u00a0 Galerie 1911, exposition personnelle, Paris<\/p>\n<p>2011 \u00a0\u00a0 <em>A<\/em> Revers,<em>\u00a0<\/em>exposition personnelle, Espace Jean de Joigny, Joigny<\/p>\n<p>2010\u00a0\u00a0\u00a0 Herbert Smith Freehills LLP, exposition personnelle, Paris<\/p>\n<p>2009\u00a0\u00a0\u00a0 Art Elys\u00e9es, Galerie d\u2018Est &amp; d\u2018Ouest, Paris<br \/>\n<a href=\"http:\/\/guillaumelavigne.fr\/peinture\/la-face-cachee-de-la-melancolie\/\"><em><span style=\"color: #999999;\">La Face cach\u00e9e de la M\u00e9lancolie<\/span><\/em><\/a>, Galerie le Garage, Orl\u00e9ans<\/p>\n<p>2008\u00a0\u00a0\u00a0 <em>Caspard David Friedrich me manque<\/em>, Galerie 1911, Paris<br \/>\nGalerie Est &amp; Ouest, exposition personnelle, Paris<br \/>\nGalerie Mourlot, Marseille<\/p>\n<p>2007\u00a0\u00a0\u00a0 Galerie Bread &amp; Roses, exposition personnelle, Paris<br \/>\nLa Forge Saint-Gr\u00e9goire, exposition personnelle, Ille-et-Vilaine<\/p>\n<p>2006\u00a0\u00a0\u00a0 Salon d\u2019art contemporain de Montrouge, s\u00e9lection <em>D\u00e9couvertes<\/em><br \/>\n<em>Novembre \u00e0 Vitry<\/em>, Salon de peinture de Vitry-sur-Seine, Galerie Jean Collet<br \/>\nXX\u00e8me Grand Prix de peinture de Saint Gr\u00e9goire<\/p>\n<p>2005 \u00a0 \u00a0<em>Vielfache,<\/em> Galerie Artahead, B\u00e2le<br \/>\nArtParis, Galerie MNC<br \/>\nSalon de Mai, Espace Commines, Paris<br \/>\n<em>1\/x<\/em>, Galerie droite de l\u2019Ecole des Beaux-arts de Paris<\/p>\n<p><span style=\"color: #222222;\"><strong>Distinctions<\/strong><\/span><\/p>\n<p>2019\u00a0\u00a0\u00a0 Grand Prix Albert Maignan, Fondation Tayor<\/p>\n<p>2007\u00a0\u00a0\u00a0 Jeunes Talents Massillon, Prix de la Vocation artistique<\/p>\n<p>2006 \u00a0\u00a0 Prix sp\u00e9cial du Jury, XX\u00e8me Grand Prix de peinture de Saint-Gr\u00e9goire<\/p>\n<p>2005\u00a0\u00a0\u00a0 Prix de la Ville, La Celle Saint Cloud<\/p>\n<p>2005 \u00a0\u00a0 Prix Marin du Salon de Mai<\/p>\n<p><span style=\"color: #222222;\"><strong>R\u00e9sidence<\/strong><\/span><\/p>\n<p>2019 &#8211; 2020\u00a0\u00a0\u00a0 The Swatch Art Peace H\u00f4tel de Shangha\u00ef (Chine)<\/p>\n<p>2006 &#8211; 2005\u00a0\u00a0\u00a0 Ch\u00e2teau de Lourmarin, Boursier de l&rsquo;Acad\u00e9mie des Beaux-arts<\/p>\n<p><span style=\"color: #222222;\"><strong>Publications<\/strong><\/span><\/p>\n<p>2022 \u00a0 <em>Les \u00e9piphanies de Guillaume Lavigne\u00a0<\/em>Vincent Simonet<br \/>\n<em>La puissance picturale de l&rsquo;intime<\/em>\u00a0Axelle Vianney<\/p>\n<p>2019\u00a0\u00a0 <em>Cette chaise est libre ?<\/em>\u00a0Jacques-Andr\u00e9 Bertrand, \u00e9ditions Julliard<\/p>\n<p>2010\u00a0\u00a0 Artension, hors-s\u00e9rie n\u00b03, <em>100 artistes pour le XXI\u00e8me si\u00e8cle<\/em><\/p>\n<p>2009\u00a0\u00a0 <em>La Face cach\u00e9e de la M\u00e9lancolie\u00a0<\/em>Marc Giai-Miniet<\/p>\n<p>2008 \u00a0 <em>Des Portaits de v\u00eatements\u00a0<\/em>Gr\u00e9goire de Gaulle<br \/>\nArtAbsolument n\u00b026, Ev\u00e9nements<br \/>\n<em>Le Monde est le v\u00eatement de l\u2019\u00e2me\u00a0<\/em>Artension n\u00b043, Pierre Souchaud<\/p>\n<p>2005\u00a0\u00a0 <em>1\/x\u00a0<\/em>Henry-Claude Cousseau et Anne de Bourbon, Editions des Beaux-arts de Paris<br \/>\n<em>Plus que vrai\u00a0<\/em>Henry-Claude Cousseau et Henry Meyric Hughes, Editions des Beaux-arts de Paris<\/p>\n","protected":false},"excerpt":{"rendered":"<p>N\u00e9 en 1977, vit et travaille \u00e0 Paris. Ecole Nationale Sup\u00e9rieure des Beaux Arts de Paris, 1999-2005 Dipl\u00f4me National Sup\u00e9rieur d\u2019Arts Plastiques, DNSAP, 2004 Expositions 2025 Accrochage d&rsquo;hiver, Galerie Thibault H\u00f6lscher, Paris 2024 Epiphanie, exposition personnelle, Galerie Thibault H\u00f6lscher, Paris Hublot d&rsquo;\u00e9t\u00e9, exposition personnelle, Ivry-sur-Seine 2023 Absent de Paris, une proposition d&rsquo;Henri Guette, curateur, Cit\u00e9 [&hellip;]<\/p>\n","protected":false},"author":1,"featured_media":0,"parent":0,"menu_order":0,"comment_status":"closed","ping_status":"closed","template":"full-width-page.php","meta":[],"_links":{"self":[{"href":"http:\/\/guillaumelavigne.fr\/peinture\/wp-json\/wp\/v2\/pages\/44"}],"collection":[{"href":"http:\/\/guillaumelavigne.fr\/peinture\/wp-json\/wp\/v2\/pages"}],"about":[{"href":"http:\/\/guillaumelavigne.fr\/peinture\/wp-json\/wp\/v2\/types\/page"}],"author":[{"embeddable":true,"href":"http:\/\/guillaumelavigne.fr\/peinture\/wp-json\/wp\/v2\/users\/1"}],"replies":[{"embeddable":true,"href":"http:\/\/guillaumelavigne.fr\/peinture\/wp-json\/wp\/v2\/comments?post=44"}],"version-history":[{"count":72,"href":"http:\/\/guillaumelavigne.fr\/peinture\/wp-json\/wp\/v2\/pages\/44\/revisions"}],"predecessor-version":[{"id":1270,"href":"http:\/\/guillaumelavigne.fr\/peinture\/wp-json\/wp\/v2\/pages\/44\/revisions\/1270"}],"wp:attachment":[{"href":"http:\/\/guillaumelavigne.fr\/peinture\/wp-json\/wp\/v2\/media?parent=44"}],"curies":[{"name":"wp","href":"https:\/\/api.w.org\/{rel}","templated":true}]}}