{"id":879,"date":"2021-10-27T19:09:24","date_gmt":"2021-10-27T17:09:24","guid":{"rendered":"http:\/\/guillaumelavigne.fr\/peinture\/?page_id=879"},"modified":"2026-01-03T23:04:39","modified_gmt":"2026-01-03T22:04:39","slug":"accueil","status":"publish","type":"page","link":"http:\/\/guillaumelavigne.fr\/peinture\/","title":{"rendered":"Accueil"},"content":{"rendered":"<div><\/div>\n<h2><img loading=\"lazy\" class=\"alignnone  wp-image-1279\" src=\"http:\/\/guillaumelavigne.fr\/peinture\/wp-content\/uploads\/2026\/01\/IMG_6287-2-225x300.jpg\" alt=\"\" width=\"459\" height=\"612\" srcset=\"http:\/\/guillaumelavigne.fr\/peinture\/wp-content\/uploads\/2026\/01\/IMG_6287-2-225x300.jpg 225w, http:\/\/guillaumelavigne.fr\/peinture\/wp-content\/uploads\/2026\/01\/IMG_6287-2-768x1024.jpg 768w, http:\/\/guillaumelavigne.fr\/peinture\/wp-content\/uploads\/2026\/01\/IMG_6287-2-1152x1536.jpg 1152w, http:\/\/guillaumelavigne.fr\/peinture\/wp-content\/uploads\/2026\/01\/IMG_6287-2-1536x2048.jpg 1536w, http:\/\/guillaumelavigne.fr\/peinture\/wp-content\/uploads\/2026\/01\/IMG_6287-2-scaled.jpg 1920w\" sizes=\"(max-width: 459px) 100vw, 459px\" \/><\/h2>\n<h4 style=\"text-align: left;\">Les \u00e9ditions Actes Sud publient le premier roman d&rsquo;Antonin Crenn titr\u00e9 <em>Rue des Batailles<\/em>.<\/h4>\n<h4>A la demande de l&rsquo;auteur, ma toile intitul\u00e9e <em>La Chemise blanche<\/em> illustre la premi\u00e8re de couverture du livre.<\/h4>\n<h1><\/h1>\n","protected":false},"excerpt":{"rendered":"<p>Les \u00e9ditions Actes Sud publient le premier roman d&rsquo;Antonin Crenn titr\u00e9 Rue des Batailles. A la demande de l&rsquo;auteur, ma toile intitul\u00e9e La Chemise blanche illustre la premi\u00e8re de couverture du livre.<\/p>\n","protected":false},"author":1,"featured_media":0,"parent":0,"menu_order":0,"comment_status":"closed","ping_status":"closed","template":"full-width-page.php","meta":[],"_links":{"self":[{"href":"http:\/\/guillaumelavigne.fr\/peinture\/wp-json\/wp\/v2\/pages\/879"}],"collection":[{"href":"http:\/\/guillaumelavigne.fr\/peinture\/wp-json\/wp\/v2\/pages"}],"about":[{"href":"http:\/\/guillaumelavigne.fr\/peinture\/wp-json\/wp\/v2\/types\/page"}],"author":[{"embeddable":true,"href":"http:\/\/guillaumelavigne.fr\/peinture\/wp-json\/wp\/v2\/users\/1"}],"replies":[{"embeddable":true,"href":"http:\/\/guillaumelavigne.fr\/peinture\/wp-json\/wp\/v2\/comments?post=879"}],"version-history":[{"count":129,"href":"http:\/\/guillaumelavigne.fr\/peinture\/wp-json\/wp\/v2\/pages\/879\/revisions"}],"predecessor-version":[{"id":1281,"href":"http:\/\/guillaumelavigne.fr\/peinture\/wp-json\/wp\/v2\/pages\/879\/revisions\/1281"}],"wp:attachment":[{"href":"http:\/\/guillaumelavigne.fr\/peinture\/wp-json\/wp\/v2\/media?parent=879"}],"curies":[{"name":"wp","href":"https:\/\/api.w.org\/{rel}","templated":true}]}}